{"id":3099,"date":"2019-11-04T10:10:01","date_gmt":"2019-11-04T13:10:01","guid":{"rendered":"http:\/\/sierratech.com.ar\/?post_type=product&#038;p=3099"},"modified":"2022-04-04T17:41:24","modified_gmt":"2022-04-04T20:41:24","slug":"st-ca-mp-4-800x1200-b-2-ce","status":"publish","type":"product","link":"https:\/\/sierratech.com.ar\/web\/producto\/st-ca-mp-4-800x1200-b-2-ce\/","title":{"rendered":"ST-CA-MP-4-800\u00d71200-B-2-CE"},"content":{"rendered":"<p>&nbsp;<\/p>\n<table width=\"0\">\n<tbody>\n<tr>\n<td width=\"204\">Modelo<\/td>\n<td width=\"398\">ST-CA-MP-4-800\u00d71200-B-2-CE<\/td>\n<\/tr>\n<tr>\n<td width=\"204\">\u00c1rea de costura<\/td>\n<td width=\"398\">800X1200mm<\/td>\n<\/tr>\n<tr>\n<td width=\"204\">Velocidad<\/td>\n<td width=\"398\">\u22642,000 puntadas \/ min<\/td>\n<\/tr>\n<tr>\n<td width=\"204\">Tipo de puntada<\/td>\n<td width=\"398\">Pespunte<\/td>\n<\/tr>\n<tr>\n<td width=\"204\">Longitud de puntada<\/td>\n<td width=\"398\">0.5-8mm<\/td>\n<\/tr>\n<tr>\n<td width=\"204\">AAltura de levante del prensatela<\/td>\n<td width=\"398\">15mm<\/td>\n<\/tr>\n<tr>\n<td width=\"204\">Altura de levante del cabezal<\/td>\n<td width=\"398\">50mm<\/td>\n<\/tr>\n<tr>\n<td width=\"204\">Sistema de corte de hilo<\/td>\n<td width=\"398\">Corte neum\u00e1tico<\/td>\n<\/tr>\n<tr>\n<td width=\"204\">Capacidad de memoria<\/td>\n<td width=\"398\">8G<\/td>\n<\/tr>\n<tr>\n<td width=\"204\">Transferencia de patrones<\/td>\n<td width=\"398\">Pendrive USB<\/td>\n<\/tr>\n<tr>\n<td width=\"204\">Alimentaci\u00f3n<\/td>\n<td width=\"398\">Trif\u00e1sica 380V<\/td>\n<\/tr>\n<tr>\n<td width=\"204\">Potencia<\/td>\n<td width=\"398\">5.5KW<\/td>\n<\/tr>\n<tr>\n<td width=\"204\">Compresor de aire<\/td>\n<td width=\"398\">6 bar<\/td>\n<\/tr>\n<\/tbody>\n<\/table>\n","protected":false},"excerpt":{"rendered":"<p>Maquina de costura autom\u00e1tica con plantilla de cu\u00e1druple cabezal modelo ST-CA-MP-4-800\u00d71200-B-2-CE<\/p>\n<p>&nbsp;<\/p>\n<p>Ideal para tapicer\u00eda automotriz, interiores, paneles de puertas; asientos de seguridad para ni\u00f1os, asientos de cochecito, tapicer\u00eda de muebles , alfombras, tapetes; ropa, bolsos y otras costuras en cuero.<\/p>\n<p>Cuatro cabezales de funcionamiento simult\u00e1neo maximizan la eficiencia de producci\u00f3n en masa.<\/p>\n<p>Los cabezales pueden ser desactivados independientemente seg\u00fan la demanda de producci\u00f3n desde el panel de control.<\/p>\n<p>El elevado neum\u00e1tico del cabezal facilita el reemplazo de la plantilla, y es adecuado para coser una gran variedad de materiales gruesos.<\/p>\n<p>Patr\u00f3n de costura de dise\u00f1o libre y sistema de control capaz de identificar los requisitos t\u00e9cnicos del mismo, como el atraque requerido, el tama\u00f1o de la aguja y el tipo de puntada.<\/p>\n<p>Mecanismo de sujeci\u00f3n del hilo superior: puede acortar la longitud del hilo en el momento de la costura, eliminar efectivamente el fen\u00f3meno de anudado de la aguja, mejorando el acabado y reduciendo el post procesado para una m\u00e1xima eficiencia de producci\u00f3n.<\/p>\n<p>Control completamente servomotorizado garantiza la precisi\u00f3n de puntadas y medidas.<\/p>\n<p>Sistema de enfriamiento de aguja permite trabajar en altas velocidades sin deteriorar el material.<\/p>\n<p>Fijaci\u00f3n perimetral al marco y anclaje autom\u00e1tico aseguran un proceso de costura suave, sin arrugas y preciso.<\/p>\n","protected":false},"featured_media":6449,"template":"","meta":[],"product_brand":[],"product_cat":[90,86,88,92,87,89,85,145],"product_tag":[],"class_list":{"0":"post-3099","1":"product","2":"type-product","3":"status-publish","4":"has-post-thumbnail","6":"product_cat-acolchados","7":"product_cat-camperas","8":"product_cat-fundas","9":"product_cat-hogar","10":"product_cat-industria-automotriz","11":"product_cat-mochilas","12":"product_cat-muebles","13":"product_cat-tecnologia-para-costura-y-acabado-textil","15":"first","16":"instock","17":"shipping-taxable","18":"product-type-simple","19":"layout-style-1","20":"col-md-4 col-sm-4 col-xs-6","21":"col-lg-3","22":"product-style-default"},"yoast_head":"<!-- This site is optimized with the Yoast SEO plugin v26.6 - https:\/\/yoast.com\/wordpress\/plugins\/seo\/ -->\n<title>ST-CA-MP-4-800\u00d71200-B-2-CE - Sierra | Soluciones para la industria<\/title>\n<meta name=\"robots\" content=\"index, follow, max-snippet:-1, max-image-preview:large, max-video-preview:-1\" \/>\n<link rel=\"canonical\" href=\"https:\/\/sierratech.com.ar\/web\/producto\/st-ca-mp-4-800x1200-b-2-ce\/\" \/>\n<meta property=\"og:locale\" content=\"es_ES\" \/>\n<meta property=\"og:type\" content=\"article\" \/>\n<meta property=\"og:title\" content=\"ST-CA-MP-4-800\u00d71200-B-2-CE - Sierra | Soluciones para la industria\" \/>\n<meta property=\"og:description\" content=\"Maquina de costura autom\u00e1tica con plantilla de cu\u00e1druple cabezal modelo ST-CA-MP-4-800\u00d71200-B-2-CE  &nbsp;  Ideal para tapicer\u00eda automotriz, interiores, paneles de puertas; asientos de seguridad para ni\u00f1os, asientos de cochecito, tapicer\u00eda de muebles , alfombras, tapetes; ropa, bolsos y otras costuras en cuero.  Cuatro cabezales de funcionamiento simult\u00e1neo maximizan la eficiencia de producci\u00f3n en masa.  Los cabezales pueden ser desactivados independientemente seg\u00fan la demanda de producci\u00f3n desde el panel de control.  El elevado neum\u00e1tico del cabezal facilita el reemplazo de la plantilla, y es adecuado para coser una gran variedad de materiales gruesos.  Patr\u00f3n de costura de dise\u00f1o libre y sistema de control capaz de identificar los requisitos t\u00e9cnicos del mismo, como el atraque requerido, el tama\u00f1o de la aguja y el tipo de puntada.  Mecanismo de sujeci\u00f3n del hilo superior: puede acortar la longitud del hilo en el momento de la costura, eliminar efectivamente el fen\u00f3meno de anudado de la aguja, mejorando el acabado y reduciendo el post procesado para una m\u00e1xima eficiencia de producci\u00f3n.  Control completamente servomotorizado garantiza la precisi\u00f3n de puntadas y medidas.  Sistema de enfriamiento de aguja permite trabajar en altas velocidades sin deteriorar el material.  Fijaci\u00f3n perimetral al marco y anclaje autom\u00e1tico aseguran un proceso de costura suave, sin arrugas y preciso.\" \/>\n<meta property=\"og:url\" content=\"https:\/\/sierratech.com.ar\/web\/producto\/st-ca-mp-4-800x1200-b-2-ce\/\" \/>\n<meta property=\"og:site_name\" content=\"Sierra | Soluciones para la industria\" \/>\n<meta property=\"article:publisher\" content=\"https:\/\/www.facebook.com\/sierratechsolutions\" \/>\n<meta property=\"article:modified_time\" content=\"2022-04-04T20:41:24+00:00\" \/>\n<meta property=\"og:image\" content=\"https:\/\/sierratech.com.ar\/web\/wp-content\/uploads\/2019\/11\/Sin-t\u00edtulo-15-1.jpg\" \/>\n\t<meta property=\"og:image:width\" content=\"1200\" \/>\n\t<meta property=\"og:image:height\" content=\"1425\" \/>\n\t<meta property=\"og:image:type\" content=\"image\/jpeg\" \/>\n<meta name=\"twitter:card\" content=\"summary_large_image\" \/>\n<meta name=\"twitter:site\" content=\"@SIERRATECHSOLU1\" \/>\n<meta name=\"twitter:label1\" content=\"Tiempo de lectura\" \/>\n\t<meta name=\"twitter:data1\" content=\"1 minuto\" \/>\n<script type=\"application\/ld+json\" class=\"yoast-schema-graph\">{\"@context\":\"https:\/\/schema.org\",\"@graph\":[{\"@type\":\"WebPage\",\"@id\":\"https:\/\/sierratech.com.ar\/web\/producto\/st-ca-mp-4-800x1200-b-2-ce\/\",\"url\":\"https:\/\/sierratech.com.ar\/web\/producto\/st-ca-mp-4-800x1200-b-2-ce\/\",\"name\":\"ST-CA-MP-4-800\u00d71200-B-2-CE - Sierra | Soluciones para la industria\",\"isPartOf\":{\"@id\":\"https:\/\/sierratech.com.ar\/web\/#website\"},\"primaryImageOfPage\":{\"@id\":\"https:\/\/sierratech.com.ar\/web\/producto\/st-ca-mp-4-800x1200-b-2-ce\/#primaryimage\"},\"image\":{\"@id\":\"https:\/\/sierratech.com.ar\/web\/producto\/st-ca-mp-4-800x1200-b-2-ce\/#primaryimage\"},\"thumbnailUrl\":\"https:\/\/sierratech.com.ar\/web\/wp-content\/uploads\/2019\/11\/Sin-t\u00edtulo-15-1.jpg\",\"datePublished\":\"2019-11-04T13:10:01+00:00\",\"dateModified\":\"2022-04-04T20:41:24+00:00\",\"breadcrumb\":{\"@id\":\"https:\/\/sierratech.com.ar\/web\/producto\/st-ca-mp-4-800x1200-b-2-ce\/#breadcrumb\"},\"inLanguage\":\"es\",\"potentialAction\":[{\"@type\":\"ReadAction\",\"target\":[\"https:\/\/sierratech.com.ar\/web\/producto\/st-ca-mp-4-800x1200-b-2-ce\/\"]}]},{\"@type\":\"ImageObject\",\"inLanguage\":\"es\",\"@id\":\"https:\/\/sierratech.com.ar\/web\/producto\/st-ca-mp-4-800x1200-b-2-ce\/#primaryimage\",\"url\":\"https:\/\/sierratech.com.ar\/web\/wp-content\/uploads\/2019\/11\/Sin-t\u00edtulo-15-1.jpg\",\"contentUrl\":\"https:\/\/sierratech.com.ar\/web\/wp-content\/uploads\/2019\/11\/Sin-t\u00edtulo-15-1.jpg\",\"width\":1200,\"height\":1425},{\"@type\":\"BreadcrumbList\",\"@id\":\"https:\/\/sierratech.com.ar\/web\/producto\/st-ca-mp-4-800x1200-b-2-ce\/#breadcrumb\",\"itemListElement\":[{\"@type\":\"ListItem\",\"position\":1,\"name\":\"Portada\",\"item\":\"https:\/\/sierratech.com.ar\/web\/\"},{\"@type\":\"ListItem\",\"position\":2,\"name\":\"M\u00e1quinas\",\"item\":\"https:\/\/sierratech.com.ar\/web\/maquinas\/\"},{\"@type\":\"ListItem\",\"position\":3,\"name\":\"ST-CA-MP-4-800\u00d71200-B-2-CE\"}]},{\"@type\":\"WebSite\",\"@id\":\"https:\/\/sierratech.com.ar\/web\/#website\",\"url\":\"https:\/\/sierratech.com.ar\/web\/\",\"name\":\"Sierra | Soluciones para la industria\",\"description\":\"La mas amplia variedad de maquinaria y soluciones para la industria. Asesoramiento, Servicio T\u00e9cnico, Provisi\u00f3n de Repuestos y Garant\u00eda Oficial\",\"publisher\":{\"@id\":\"https:\/\/sierratech.com.ar\/web\/#organization\"},\"potentialAction\":[{\"@type\":\"SearchAction\",\"target\":{\"@type\":\"EntryPoint\",\"urlTemplate\":\"https:\/\/sierratech.com.ar\/web\/?s={search_term_string}\"},\"query-input\":{\"@type\":\"PropertyValueSpecification\",\"valueRequired\":true,\"valueName\":\"search_term_string\"}}],\"inLanguage\":\"es\"},{\"@type\":\"Organization\",\"@id\":\"https:\/\/sierratech.com.ar\/web\/#organization\",\"name\":\"Sierra Tech Solutions\",\"url\":\"https:\/\/sierratech.com.ar\/web\/\",\"logo\":{\"@type\":\"ImageObject\",\"inLanguage\":\"es\",\"@id\":\"https:\/\/sierratech.com.ar\/web\/#\/schema\/logo\/image\/\",\"url\":\"https:\/\/sierratech.com.ar\/web\/wp-content\/uploads\/2021\/04\/Logo-sierra-schema.png\",\"contentUrl\":\"https:\/\/sierratech.com.ar\/web\/wp-content\/uploads\/2021\/04\/Logo-sierra-schema.png\",\"width\":293,\"height\":60,\"caption\":\"Sierra Tech Solutions\"},\"image\":{\"@id\":\"https:\/\/sierratech.com.ar\/web\/#\/schema\/logo\/image\/\"},\"sameAs\":[\"https:\/\/www.facebook.com\/sierratechsolutions\",\"https:\/\/x.com\/SIERRATECHSOLU1\",\"https:\/\/www.instagram.com\/sierratechsolutions\/\",\"https:\/\/ar.pinterest.com\/sierraargentina\/\",\"https:\/\/www.youtube.com\/channel\/UCsiaALkTcMwGKuFOx4XTJYw\"]}]}<\/script>\n<!-- \/ Yoast SEO plugin. -->","yoast_head_json":{"title":"ST-CA-MP-4-800\u00d71200-B-2-CE - Sierra | Soluciones para la industria","robots":{"index":"index","follow":"follow","max-snippet":"max-snippet:-1","max-image-preview":"max-image-preview:large","max-video-preview":"max-video-preview:-1"},"canonical":"https:\/\/sierratech.com.ar\/web\/producto\/st-ca-mp-4-800x1200-b-2-ce\/","og_locale":"es_ES","og_type":"article","og_title":"ST-CA-MP-4-800\u00d71200-B-2-CE - Sierra | Soluciones para la industria","og_description":"Maquina de costura autom\u00e1tica con plantilla de cu\u00e1druple cabezal modelo ST-CA-MP-4-800\u00d71200-B-2-CE  &nbsp;  Ideal para tapicer\u00eda automotriz, interiores, paneles de puertas; asientos de seguridad para ni\u00f1os, asientos de cochecito, tapicer\u00eda de muebles , alfombras, tapetes; ropa, bolsos y otras costuras en cuero.  Cuatro cabezales de funcionamiento simult\u00e1neo maximizan la eficiencia de producci\u00f3n en masa.  Los cabezales pueden ser desactivados independientemente seg\u00fan la demanda de producci\u00f3n desde el panel de control.  El elevado neum\u00e1tico del cabezal facilita el reemplazo de la plantilla, y es adecuado para coser una gran variedad de materiales gruesos.  Patr\u00f3n de costura de dise\u00f1o libre y sistema de control capaz de identificar los requisitos t\u00e9cnicos del mismo, como el atraque requerido, el tama\u00f1o de la aguja y el tipo de puntada.  Mecanismo de sujeci\u00f3n del hilo superior: puede acortar la longitud del hilo en el momento de la costura, eliminar efectivamente el fen\u00f3meno de anudado de la aguja, mejorando el acabado y reduciendo el post procesado para una m\u00e1xima eficiencia de producci\u00f3n.  Control completamente servomotorizado garantiza la precisi\u00f3n de puntadas y medidas.  Sistema de enfriamiento de aguja permite trabajar en altas velocidades sin deteriorar el material.  Fijaci\u00f3n perimetral al marco y anclaje autom\u00e1tico aseguran un proceso de costura suave, sin arrugas y preciso.","og_url":"https:\/\/sierratech.com.ar\/web\/producto\/st-ca-mp-4-800x1200-b-2-ce\/","og_site_name":"Sierra | Soluciones para la industria","article_publisher":"https:\/\/www.facebook.com\/sierratechsolutions","article_modified_time":"2022-04-04T20:41:24+00:00","og_image":[{"width":1200,"height":1425,"url":"https:\/\/sierratech.com.ar\/web\/wp-content\/uploads\/2019\/11\/Sin-t\u00edtulo-15-1.jpg","type":"image\/jpeg"}],"twitter_card":"summary_large_image","twitter_site":"@SIERRATECHSOLU1","twitter_misc":{"Tiempo de lectura":"1 minuto"},"schema":{"@context":"https:\/\/schema.org","@graph":[{"@type":"WebPage","@id":"https:\/\/sierratech.com.ar\/web\/producto\/st-ca-mp-4-800x1200-b-2-ce\/","url":"https:\/\/sierratech.com.ar\/web\/producto\/st-ca-mp-4-800x1200-b-2-ce\/","name":"ST-CA-MP-4-800\u00d71200-B-2-CE - Sierra | Soluciones para la industria","isPartOf":{"@id":"https:\/\/sierratech.com.ar\/web\/#website"},"primaryImageOfPage":{"@id":"https:\/\/sierratech.com.ar\/web\/producto\/st-ca-mp-4-800x1200-b-2-ce\/#primaryimage"},"image":{"@id":"https:\/\/sierratech.com.ar\/web\/producto\/st-ca-mp-4-800x1200-b-2-ce\/#primaryimage"},"thumbnailUrl":"https:\/\/sierratech.com.ar\/web\/wp-content\/uploads\/2019\/11\/Sin-t\u00edtulo-15-1.jpg","datePublished":"2019-11-04T13:10:01+00:00","dateModified":"2022-04-04T20:41:24+00:00","breadcrumb":{"@id":"https:\/\/sierratech.com.ar\/web\/producto\/st-ca-mp-4-800x1200-b-2-ce\/#breadcrumb"},"inLanguage":"es","potentialAction":[{"@type":"ReadAction","target":["https:\/\/sierratech.com.ar\/web\/producto\/st-ca-mp-4-800x1200-b-2-ce\/"]}]},{"@type":"ImageObject","inLanguage":"es","@id":"https:\/\/sierratech.com.ar\/web\/producto\/st-ca-mp-4-800x1200-b-2-ce\/#primaryimage","url":"https:\/\/sierratech.com.ar\/web\/wp-content\/uploads\/2019\/11\/Sin-t\u00edtulo-15-1.jpg","contentUrl":"https:\/\/sierratech.com.ar\/web\/wp-content\/uploads\/2019\/11\/Sin-t\u00edtulo-15-1.jpg","width":1200,"height":1425},{"@type":"BreadcrumbList","@id":"https:\/\/sierratech.com.ar\/web\/producto\/st-ca-mp-4-800x1200-b-2-ce\/#breadcrumb","itemListElement":[{"@type":"ListItem","position":1,"name":"Portada","item":"https:\/\/sierratech.com.ar\/web\/"},{"@type":"ListItem","position":2,"name":"M\u00e1quinas","item":"https:\/\/sierratech.com.ar\/web\/maquinas\/"},{"@type":"ListItem","position":3,"name":"ST-CA-MP-4-800\u00d71200-B-2-CE"}]},{"@type":"WebSite","@id":"https:\/\/sierratech.com.ar\/web\/#website","url":"https:\/\/sierratech.com.ar\/web\/","name":"Sierra | Soluciones para la industria","description":"La mas amplia variedad de maquinaria y soluciones para la industria. Asesoramiento, Servicio T\u00e9cnico, Provisi\u00f3n de Repuestos y Garant\u00eda Oficial","publisher":{"@id":"https:\/\/sierratech.com.ar\/web\/#organization"},"potentialAction":[{"@type":"SearchAction","target":{"@type":"EntryPoint","urlTemplate":"https:\/\/sierratech.com.ar\/web\/?s={search_term_string}"},"query-input":{"@type":"PropertyValueSpecification","valueRequired":true,"valueName":"search_term_string"}}],"inLanguage":"es"},{"@type":"Organization","@id":"https:\/\/sierratech.com.ar\/web\/#organization","name":"Sierra Tech Solutions","url":"https:\/\/sierratech.com.ar\/web\/","logo":{"@type":"ImageObject","inLanguage":"es","@id":"https:\/\/sierratech.com.ar\/web\/#\/schema\/logo\/image\/","url":"https:\/\/sierratech.com.ar\/web\/wp-content\/uploads\/2021\/04\/Logo-sierra-schema.png","contentUrl":"https:\/\/sierratech.com.ar\/web\/wp-content\/uploads\/2021\/04\/Logo-sierra-schema.png","width":293,"height":60,"caption":"Sierra Tech Solutions"},"image":{"@id":"https:\/\/sierratech.com.ar\/web\/#\/schema\/logo\/image\/"},"sameAs":["https:\/\/www.facebook.com\/sierratechsolutions","https:\/\/x.com\/SIERRATECHSOLU1","https:\/\/www.instagram.com\/sierratechsolutions\/","https:\/\/ar.pinterest.com\/sierraargentina\/","https:\/\/www.youtube.com\/channel\/UCsiaALkTcMwGKuFOx4XTJYw"]}]}},"_links":{"self":[{"href":"https:\/\/sierratech.com.ar\/web\/wp-json\/wp\/v2\/product\/3099","targetHints":{"allow":["GET"]}}],"collection":[{"href":"https:\/\/sierratech.com.ar\/web\/wp-json\/wp\/v2\/product"}],"about":[{"href":"https:\/\/sierratech.com.ar\/web\/wp-json\/wp\/v2\/types\/product"}],"wp:featuredmedia":[{"embeddable":true,"href":"https:\/\/sierratech.com.ar\/web\/wp-json\/wp\/v2\/media\/6449"}],"wp:attachment":[{"href":"https:\/\/sierratech.com.ar\/web\/wp-json\/wp\/v2\/media?parent=3099"}],"wp:term":[{"taxonomy":"product_brand","embeddable":true,"href":"https:\/\/sierratech.com.ar\/web\/wp-json\/wp\/v2\/product_brand?post=3099"},{"taxonomy":"product_cat","embeddable":true,"href":"https:\/\/sierratech.com.ar\/web\/wp-json\/wp\/v2\/product_cat?post=3099"},{"taxonomy":"product_tag","embeddable":true,"href":"https:\/\/sierratech.com.ar\/web\/wp-json\/wp\/v2\/product_tag?post=3099"}],"curies":[{"name":"wp","href":"https:\/\/api.w.org\/{rel}","templated":true}]}}